{"id":1472,"date":"2018-04-11T16:49:36","date_gmt":"2018-04-11T14:49:36","guid":{"rendered":"https:\/\/www.semeurdetoiles.fr\/mentions-legales\/"},"modified":"2022-03-27T23:26:21","modified_gmt":"2022-03-27T21:26:21","slug":"legal-notice","status":"publish","type":"page","link":"https:\/\/www.semeurdetoiles.fr\/en\/legal-notice\/","title":{"rendered":"Legal Notice"},"content":{"rendered":"<p>[et_pb_section fb_built=&#8221;1&#8243; _builder_version=&#8221;4.15&#8243; animation_style=&#8221;fade&#8221; animation_duration=&#8221;1500ms&#8221; animation_delay=&#8221;300ms&#8221; global_colors_info=&#8221;{}&#8221;][et_pb_row _builder_version=&#8221;4.15&#8243; max_width=&#8221;80%&#8221; use_custom_width=&#8221;on&#8221; width_unit=&#8221;off&#8221; global_colors_info=&#8221;{}&#8221;][et_pb_column type=&#8221;4_4&#8243; _builder_version=&#8221;4.15&#8243; custom_padding=&#8221;|||&#8221; global_colors_info=&#8221;{}&#8221; custom_padding__hover=&#8221;|||&#8221;][et_pb_text _builder_version=&#8221;4.15&#8243; global_colors_info=&#8221;{}&#8221;]<\/p>\n<h2>LEGAL NOTICE<\/h2>\n<p><strong>SEMEUR D\u2019ETOILES<\/strong><br \/>\n21 avenue du g\u00e9n\u00e9ral Leclerc 78220 Viroflay \u2013 France<br \/>\nTel : +33 (0)1 77 78 77 78<\/p>\n<p><strong>THE SITE PUBLICATION DIRECTOR IS<\/strong><br \/>\nLudovic Cl\u00e9ment d\u2019Armont<\/p>\n<p><strong>CREDITS<\/strong><br \/>\nSp\u00e9os<br \/>\nO Shilkina<br \/>\nD Pollarini<br \/>\nA Shao<br \/>\nK Nagao<br \/>\nJ Treize<br \/>\nLes H\u00e9ritiers<br \/>\nR Boutin<br \/>\nV Brizon<br \/>\nC Jaouen<br \/>\nP Tournaire<br \/>\nM Barbieri<br \/>\nL Cl\u00e9ment d\u2019Armont<br \/>\nSite developed by Thomas Freschel &#8211; <a href=\"https:\/\/www.canalcreative.com\" target=\"_blank\" rel=\"noopener noreferrer\">Canal Creative Communication Internet Bordeaux and Nice<\/a><\/p>\n<p><strong>OWNERSHIP OF THE SITE<\/strong><br \/>\nThis site www.semeurdetoiles.fr (the Site) is the property of SEMEUR D\u2019ETOILES, registered in the Versailles, France trade and companies register, under number RCS 501 852 453.<\/p>\n<p><strong>CONTENTS OF THE SITE<\/strong><br \/>\nThe content of the Site is understood to mean the general structure, the texts, the images, whether or not animated, and the sounds of which the Site is composed. Any total or partial representation of this Site and its Content, by any means whatsoever, without the express prior authorization of the legal representative of SEMEUR D&#8217;ETOILES, is prohibited and constitutes an infringement punishable by International Laws.<br \/>\nThe authors of the site have made every effort to find all the authors of the photographs reproduced.<br \/>\nDespite their best efforts, some authors may not be listed. If you are the author of one of the photographs reproduced on the site, contact us at info (@) semeurdetoiles.fr so that we can immediately restore your rights.<\/p>\n<p><strong>SEMEUR D\u2019ETOILES LOGO AND BRAND<\/strong><br \/>\nThe SEMEUR D\u2019ETOILES logo and brand are the sole property of Mr. Ludovic Cl\u00e9ment d\u00b4Armont.<br \/>\nAny total or partial reproduction of this mark without prior written authorization is prohibited. Any modification of the proportions, colors, elements and components is strictly prohibited.<\/p>\n<p><strong>INTELLECTUAL PROPERTY RIGHTS<\/strong><br \/>\nThe Customer acknowledges that this website relates to original creations whose intellectual property rights belong to Semeur d&#8217;\u00e9toiles. The Customer refrains from copying these creations and undertakes to inform without delay by registered letter with acknowledgment of receipt Semeur d&#8217;\u00e9toiles of any copy of which he becomes aware. French law is applicable. Jurisdiction is granted to the courts of Versailles, France.<\/p>\n<p><strong>LICENCE D\u2019UTILISATION DU CONTENU DU SITE WWW.SEMEURDETOILES.FR<\/strong><br \/>\nBy simply connecting to the site www.semeurdetoiles.fr, the user acknowledges accepting from the company SEMEUR D\u2019ETOILES and Mr. Ludovic Cl\u00e9ment d\u00b4Armont a license to use the Site Content strictly limited to the following imperative conditions:<br \/>\n&#8211; This license, granted on a non-exclusive basis, is not transferable.<br \/>\n&#8211; The right of use conferred on the user is personal and private: that is to say that any reproduction of the Site Content on any medium for collective or professional use, even internally within the company, is prohibited. The same applies to any communication of this content by electronic means, even disseminated on Intranet or company Extranet.<br \/>\n&#8211; This use only includes the authorization to reproduce for storage for the purposes of representation on a single-user screen and reproduction in one copy, for backup copy and hard copy.<br \/>\n&#8211; Any other use is subject to the prior express authorization of SEMEUR D\u2019ETOILES and Mr. Ludovic Cl\u00e9ment d\u00b4Armont. Violation of these provisions subjects the offender and all responsible persons to the criminal and civil penalties provided for by French law. For any information and request for reproduction on paper or electronically: info (@) semeurdetoiles.fr<\/p>\n<p><strong>PROTECTION OF PERSONAL DATA<\/strong><br \/>\nSEMEUR D\u2019ETOILES undertakes to preserve the confidentiality of any information provided online by the Internet user. Any personal information that the Internet user would have to transmit to the company SEMEUR D&#8217;ETOILES for the use of certain services is subject to the provisions of French Law n \u00b0 78-17 Informatique et Libert\u00e9s of January 6, 1978. As such, the Internet users have the right to access, rectify<br \/>\nand delete personal information concerning them, which they can exercise at any time by sending a letter to the following address:<br \/>\nSEMEUR D\u2019ETOILES, 27 avenue Pierre Grenier, 78220 VIROFLAY, FRANCE<br \/>\nor an e-mail: info (@) semeurdetoiles.fr<\/p>\n<p><strong>AUTHORIZATION FOR THE REPRODUCTION OF CONTENT ON ELECTRONIC MEDIA<\/strong><br \/>\nTo set up a link with the site,<br \/>\n&#8211; To reproduce content (texts, graphics, illustrations) on electronic media (Web, Intranet, CD-ROM, etc.) published on the site www.semeurdetoiles.fr<br \/>\nSend your request by post to:<br \/>\nSEMEUR D\u2019ETOILES, 27 avenue Pierre Grenier, 78220 VIROFLAY, FRANCE<br \/>\nor an e-mail: info (@) semeurdetoiles.fr<br \/>\nWe ask you to kindly specify the context, the desired duration of reproduction, the nature of the site, the presentation envisaged\u2026 Do not forget to also specify your name, the name of your association or your company, the address URL of your site, as well as your contact details including your e-mail.[\/et_pb_text][et_pb_image _builder_version=&#8221;4.15.1&#8243; _module_preset=&#8221;default&#8221; title_text=&#8221;LOGO_IDF_WEB&#8221; src=&#8221;https:\/\/www.semeurdetoiles.fr\/wp-content\/uploads\/2022\/03\/LOGO_IDF_WEB.png&#8221; module_alignment=&#8221;left&#8221; max_width=&#8221;150px&#8221; hover_enabled=&#8221;0&#8243; sticky_enabled=&#8221;0&#8243;][\/et_pb_image][\/et_pb_column][\/et_pb_row][\/et_pb_section]<\/p>\n","protected":false},"excerpt":{"rendered":"<p>LEGAL NOTICE SEMEUR D\u2019ETOILES 21 avenue du g\u00e9n\u00e9ral Leclerc 78220 Viroflay \u2013 France Tel : +33 (0)1 77 78 77 78 THE SITE PUBLICATION DIRECTOR IS Ludovic Cl\u00e9ment d\u2019Armont CREDITS Sp\u00e9os O Shilkina D Pollarini A Shao K Nagao J Treize Les H\u00e9ritiers R Boutin V Brizon C Jaouen P Tournaire M Barbieri L Cl\u00e9ment [&hellip;]<\/p>\n","protected":false},"author":1,"featured_media":0,"parent":0,"menu_order":0,"comment_status":"closed","ping_status":"closed","template":"","meta":{"_acf_changed":false,"_et_pb_use_builder":"on","_et_pb_old_content":"","_et_gb_content_width":"","_exactmetrics_skip_tracking":false,"_exactmetrics_sitenote_active":false,"_exactmetrics_sitenote_note":"","_exactmetrics_sitenote_category":0,"footnotes":""},"class_list":["post-1472","page","type-page","status-publish","hentry"],"acf":[],"yoast_head":"<!-- This site is optimized with the Yoast SEO plugin v25.4 - https:\/\/yoast.com\/wordpress\/plugins\/seo\/ -->\n<title>Legal Notice - Semeur d&#039;Etoiles - Cr\u00e9ation lumineuses - Paris<\/title>\n<meta name=\"robots\" content=\"index, follow, max-snippet:-1, max-image-preview:large, max-video-preview:-1\" \/>\n<link rel=\"canonical\" href=\"https:\/\/www.semeurdetoiles.fr\/en\/legal-notice\/\" \/>\n<meta property=\"og:locale\" content=\"en_US\" \/>\n<meta property=\"og:type\" content=\"article\" \/>\n<meta property=\"og:title\" content=\"Legal Notice - Semeur d&#039;Etoiles - Cr\u00e9ation lumineuses - Paris\" \/>\n<meta property=\"og:description\" content=\"LEGAL NOTICE SEMEUR D\u2019ETOILES 21 avenue du g\u00e9n\u00e9ral Leclerc 78220 Viroflay \u2013 France Tel : +33 (0)1 77 78 77 78 THE SITE PUBLICATION DIRECTOR IS Ludovic Cl\u00e9ment d\u2019Armont CREDITS Sp\u00e9os O Shilkina D Pollarini A Shao K Nagao J Treize Les H\u00e9ritiers R Boutin V Brizon C Jaouen P Tournaire M Barbieri L Cl\u00e9ment [&hellip;]\" \/>\n<meta property=\"og:site_name\" content=\"Semeur d&#039;Etoiles - Cr\u00e9ation lumineuses - Paris\" \/>\n<meta property=\"article:modified_time\" content=\"2022-03-27T21:26:21+00:00\" \/>\n<meta name=\"twitter:card\" content=\"summary_large_image\" \/>\n<script type=\"application\/ld+json\" class=\"yoast-schema-graph\">{\"@context\":\"https:\/\/schema.org\",\"@graph\":[{\"@type\":\"WebPage\",\"@id\":\"https:\/\/www.semeurdetoiles.fr\/en\/legal-notice\/\",\"url\":\"https:\/\/www.semeurdetoiles.fr\/en\/legal-notice\/\",\"name\":\"Legal Notice - Semeur d&#039;Etoiles - Cr\u00e9ation lumineuses - Paris\",\"isPartOf\":{\"@id\":\"https:\/\/www.semeurdetoiles.fr\/en\/#website\"},\"datePublished\":\"2018-04-11T14:49:36+00:00\",\"dateModified\":\"2022-03-27T21:26:21+00:00\",\"breadcrumb\":{\"@id\":\"https:\/\/www.semeurdetoiles.fr\/en\/legal-notice\/#breadcrumb\"},\"inLanguage\":\"en-US\",\"potentialAction\":[{\"@type\":\"ReadAction\",\"target\":[\"https:\/\/www.semeurdetoiles.fr\/en\/legal-notice\/\"]}]},{\"@type\":\"BreadcrumbList\",\"@id\":\"https:\/\/www.semeurdetoiles.fr\/en\/legal-notice\/#breadcrumb\",\"itemListElement\":[{\"@type\":\"ListItem\",\"position\":1,\"name\":\"Accueil\",\"item\":\"https:\/\/www.semeurdetoiles.fr\/en\/\"},{\"@type\":\"ListItem\",\"position\":2,\"name\":\"Legal Notice\"}]},{\"@type\":\"WebSite\",\"@id\":\"https:\/\/www.semeurdetoiles.fr\/en\/#website\",\"url\":\"https:\/\/www.semeurdetoiles.fr\/en\/\",\"name\":\"Semeur d&#039;Etoiles - Cr\u00e9ation lumineuses - Paris\",\"description\":\"Semeur d&#039;Etoiles - Cr\u00e9ation lumineuses - Paris\",\"publisher\":{\"@id\":\"https:\/\/www.semeurdetoiles.fr\/en\/#organization\"},\"potentialAction\":[{\"@type\":\"SearchAction\",\"target\":{\"@type\":\"EntryPoint\",\"urlTemplate\":\"https:\/\/www.semeurdetoiles.fr\/en\/?s={search_term_string}\"},\"query-input\":{\"@type\":\"PropertyValueSpecification\",\"valueRequired\":true,\"valueName\":\"search_term_string\"}}],\"inLanguage\":\"en-US\"},{\"@type\":\"Organization\",\"@id\":\"https:\/\/www.semeurdetoiles.fr\/en\/#organization\",\"name\":\"Semeur d'\u00c9toiles\",\"url\":\"https:\/\/www.semeurdetoiles.fr\/en\/\",\"logo\":{\"@type\":\"ImageObject\",\"inLanguage\":\"en-US\",\"@id\":\"https:\/\/www.semeurdetoiles.fr\/en\/#\/schema\/logo\/image\/\",\"url\":\"https:\/\/www.semeurdetoiles.fr\/wp-content\/uploads\/2018\/04\/logo.png\",\"contentUrl\":\"https:\/\/www.semeurdetoiles.fr\/wp-content\/uploads\/2018\/04\/logo.png\",\"width\":\"400\",\"height\":\"82\",\"caption\":\"Semeur d'\u00c9toiles\"},\"image\":{\"@id\":\"https:\/\/www.semeurdetoiles.fr\/en\/#\/schema\/logo\/image\/\"},\"sameAs\":[\"https:\/\/www.instagram.com\/semeurdetoiles\/\",\"https:\/\/www.linkedin.com\/in\/ludovic-cl\u00e9ment-d-armont-076b3352\/\"]}]}<\/script>\n<!-- \/ Yoast SEO plugin. -->","yoast_head_json":{"title":"Legal Notice - Semeur d&#039;Etoiles - Cr\u00e9ation lumineuses - Paris","robots":{"index":"index","follow":"follow","max-snippet":"max-snippet:-1","max-image-preview":"max-image-preview:large","max-video-preview":"max-video-preview:-1"},"canonical":"https:\/\/www.semeurdetoiles.fr\/en\/legal-notice\/","og_locale":"en_US","og_type":"article","og_title":"Legal Notice - Semeur d&#039;Etoiles - Cr\u00e9ation lumineuses - Paris","og_description":"LEGAL NOTICE SEMEUR D\u2019ETOILES 21 avenue du g\u00e9n\u00e9ral Leclerc 78220 Viroflay \u2013 France Tel : +33 (0)1 77 78 77 78 THE SITE PUBLICATION DIRECTOR IS Ludovic Cl\u00e9ment d\u2019Armont CREDITS Sp\u00e9os O Shilkina D Pollarini A Shao K Nagao J Treize Les H\u00e9ritiers R Boutin V Brizon C Jaouen P Tournaire M Barbieri L Cl\u00e9ment [&hellip;]","og_site_name":"Semeur d&#039;Etoiles - Cr\u00e9ation lumineuses - Paris","article_modified_time":"2022-03-27T21:26:21+00:00","twitter_card":"summary_large_image","schema":{"@context":"https:\/\/schema.org","@graph":[{"@type":"WebPage","@id":"https:\/\/www.semeurdetoiles.fr\/en\/legal-notice\/","url":"https:\/\/www.semeurdetoiles.fr\/en\/legal-notice\/","name":"Legal Notice - Semeur d&#039;Etoiles - Cr\u00e9ation lumineuses - Paris","isPartOf":{"@id":"https:\/\/www.semeurdetoiles.fr\/en\/#website"},"datePublished":"2018-04-11T14:49:36+00:00","dateModified":"2022-03-27T21:26:21+00:00","breadcrumb":{"@id":"https:\/\/www.semeurdetoiles.fr\/en\/legal-notice\/#breadcrumb"},"inLanguage":"en-US","potentialAction":[{"@type":"ReadAction","target":["https:\/\/www.semeurdetoiles.fr\/en\/legal-notice\/"]}]},{"@type":"BreadcrumbList","@id":"https:\/\/www.semeurdetoiles.fr\/en\/legal-notice\/#breadcrumb","itemListElement":[{"@type":"ListItem","position":1,"name":"Accueil","item":"https:\/\/www.semeurdetoiles.fr\/en\/"},{"@type":"ListItem","position":2,"name":"Legal Notice"}]},{"@type":"WebSite","@id":"https:\/\/www.semeurdetoiles.fr\/en\/#website","url":"https:\/\/www.semeurdetoiles.fr\/en\/","name":"Semeur d&#039;Etoiles - Cr\u00e9ation lumineuses - Paris","description":"Semeur d&#039;Etoiles - Cr\u00e9ation lumineuses - Paris","publisher":{"@id":"https:\/\/www.semeurdetoiles.fr\/en\/#organization"},"potentialAction":[{"@type":"SearchAction","target":{"@type":"EntryPoint","urlTemplate":"https:\/\/www.semeurdetoiles.fr\/en\/?s={search_term_string}"},"query-input":{"@type":"PropertyValueSpecification","valueRequired":true,"valueName":"search_term_string"}}],"inLanguage":"en-US"},{"@type":"Organization","@id":"https:\/\/www.semeurdetoiles.fr\/en\/#organization","name":"Semeur d'\u00c9toiles","url":"https:\/\/www.semeurdetoiles.fr\/en\/","logo":{"@type":"ImageObject","inLanguage":"en-US","@id":"https:\/\/www.semeurdetoiles.fr\/en\/#\/schema\/logo\/image\/","url":"https:\/\/www.semeurdetoiles.fr\/wp-content\/uploads\/2018\/04\/logo.png","contentUrl":"https:\/\/www.semeurdetoiles.fr\/wp-content\/uploads\/2018\/04\/logo.png","width":"400","height":"82","caption":"Semeur d'\u00c9toiles"},"image":{"@id":"https:\/\/www.semeurdetoiles.fr\/en\/#\/schema\/logo\/image\/"},"sameAs":["https:\/\/www.instagram.com\/semeurdetoiles\/","https:\/\/www.linkedin.com\/in\/ludovic-cl\u00e9ment-d-armont-076b3352\/"]}]}},"_links":{"self":[{"href":"https:\/\/www.semeurdetoiles.fr\/en\/wp-json\/wp\/v2\/pages\/1472","targetHints":{"allow":["GET"]}}],"collection":[{"href":"https:\/\/www.semeurdetoiles.fr\/en\/wp-json\/wp\/v2\/pages"}],"about":[{"href":"https:\/\/www.semeurdetoiles.fr\/en\/wp-json\/wp\/v2\/types\/page"}],"author":[{"embeddable":true,"href":"https:\/\/www.semeurdetoiles.fr\/en\/wp-json\/wp\/v2\/users\/1"}],"replies":[{"embeddable":true,"href":"https:\/\/www.semeurdetoiles.fr\/en\/wp-json\/wp\/v2\/comments?post=1472"}],"version-history":[{"count":1,"href":"https:\/\/www.semeurdetoiles.fr\/en\/wp-json\/wp\/v2\/pages\/1472\/revisions"}],"predecessor-version":[{"id":6314,"href":"https:\/\/www.semeurdetoiles.fr\/en\/wp-json\/wp\/v2\/pages\/1472\/revisions\/6314"}],"wp:attachment":[{"href":"https:\/\/www.semeurdetoiles.fr\/en\/wp-json\/wp\/v2\/media?parent=1472"}],"curies":[{"name":"wp","href":"https:\/\/api.w.org\/{rel}","templated":true}]}}