{"id":1468,"date":"2018-04-11T15:44:01","date_gmt":"2018-04-11T13:44:01","guid":{"rendered":"https:\/\/www.semeurdetoiles.fr\/contactthx\/"},"modified":"2023-04-25T19:41:26","modified_gmt":"2023-04-25T17:41:26","slug":"contactthx","status":"publish","type":"page","link":"https:\/\/www.semeurdetoiles.fr\/en\/contactthx\/","title":{"rendered":"Contactthx"},"content":{"rendered":"<p>[et_pb_section fb_built=&#8221;1&#8243; module_id=&#8221;sectionContact&#8221; _builder_version=&#8221;4.16&#8243; background_color=&#8221;#000000&#8243; global_colors_info=&#8221;{}&#8221;][et_pb_row column_structure=&#8221;1_2,1_2&#8243; use_custom_gutter=&#8221;on&#8221; gutter_width=&#8221;4&#8243; make_equal=&#8221;on&#8221; _builder_version=&#8221;4.16&#8243; max_width=&#8221;80%&#8221; use_custom_width=&#8221;on&#8221; width_unit=&#8221;off&#8221; global_colors_info=&#8221;{}&#8221;][et_pb_column type=&#8221;1_2&#8243; _builder_version=&#8221;4.16&#8243; background_image=&#8221;https:\/\/www.semeurdetoiles.fr\/wp-content\/uploads\/2018\/04\/etoiles.png&#8221; custom_padding=&#8221;|||&#8221; global_colors_info=&#8221;{}&#8221; custom_padding__hover=&#8221;|||&#8221;][et_pb_text _builder_version=&#8221;4.16&#8243; text_text_color=&#8221;#FFFFFF&#8221; global_colors_info=&#8221;{}&#8221;]<strong>THANK YOU FOR YOUR MESSAGE,<br \/>\nWE WILL ANSWER YOU AS SOON AS POSSIBLE<\/strong><br \/>\n[\/et_pb_text][\/et_pb_column][et_pb_column type=&#8221;1_2&#8243; _builder_version=&#8221;4.16&#8243; background_image=&#8221;https:\/\/www.semeurdetoiles.fr\/wp-content\/uploads\/2018\/04\/etoiles.png&#8221; custom_padding=&#8221;|||&#8221; global_colors_info=&#8221;{}&#8221; custom_padding__hover=&#8221;|||&#8221;][et_pb_text _builder_version=&#8221;4.20.4&#8243; text_text_color=&#8221;#FFFFFF&#8221; hover_enabled=&#8221;0&#8243; global_colors_info=&#8221;{}&#8221; sticky_enabled=&#8221;0&#8243;]<\/p>\n<h2>CONTACT<\/h2>\n<p><strong>SEMEUR D&#8217;\u00c9TOILES<br \/>\n<\/strong>21 avenue du G\u00e9n\u00e9ral Leclerc &#8211; 78220 Viroflay &#8211; France<\/p>\n<p><strong>CONTACT US:<br \/>\n<\/strong>T : +33 (0)1 77 78 77 78<br \/>\ne : info(@)semeurdetoiles.fr<\/p>\n<p><strong>VISIT US: <\/strong>Monday to Saturday, by appointment<\/p>\n<p><strong>ACCESS:<\/strong><br \/>\nDirect au choix par : RER C ou Transilien (N Gare Montparnasse ou L Gare St Lazare) ou Tramway T6 ou Bus : 171 ou Phebus D, U ou 23.<br \/>\nEn voiture : A86, D10\/D910, N118<\/p>\n<p><strong>MAP: <\/strong><a href=\"https:\/\/www.google.fr\/maps\/place\/Semeur+d'%C3%A9toiles\/@48.8042718,2.1784406,15z\/data=!4m2!3m1!1s0x0:0xc0f54d8a3fe0bbeb\" target=\"_blank\" rel=\"noopener noreferrer\">Google map<\/a><\/p>\n<blockquote><p><em>\u00ab Stars are beautiful, because of a flower that cannot be seen\u2026 \u00bb<br \/><\/em>The Little Prince \/ Antoine de Saint-Exup\u00e9ry<\/p><\/blockquote>\n<p>[\/et_pb_text][et_pb_code _builder_version=&#8221;4.16&#8243; text_orientation=&#8221;right&#8221; module_alignment=&#8221;right&#8221; custom_margin=&#8221;0px||0px||false|false&#8221; custom_padding=&#8221;0px||0px||false|false&#8221; global_colors_info=&#8221;{}&#8221;]<p><data id=\"\" data-token=\"25ec5cfc3d65f2279d0561fc07dea0c5\" class=\"mj-w-data\" data-apikey=\"1Zsg\" data-w-id=\"1FH\" data-lang=\"en_US\" data-base=\"https:\/\/app.mailjet.com\" data-width=\"640\" data-height=\"450\" data-statics=\"statics\"><\/data><\/p>\n<p><script type=\"text\/javascript\" src=\"https:\/\/app.mailjet.com\/statics\/js\/widget.modal.js\"><\/script><\/p>\n<p><a href=\"#\" data-token=\"25ec5cfc3d65f2279d0561fc07dea0c5\" onclick=\"mjOpenPopin(event, this)\">Subscription to our Newsletter!<\/a><\/p>\n[\/et_pb_code][et_pb_text admin_label=&#8221;mentions&#8221; _builder_version=&#8221;4.16&#8243; text_text_color=&#8221;#dbdbdb&#8221; text_orientation=&#8221;right&#8221; background_layout=&#8221;dark&#8221; custom_margin=&#8221;0px|||&#8221; custom_padding=&#8221;0px|||&#8221; global_colors_info=&#8221;{}&#8221;]<a class=\"legale\" href=\"\/en\/legal-notice\/\">\u00a9Semeur d&#8217;\u00c9toiles &#8211; Legal Notice<\/a>[\/et_pb_text][\/et_pb_column][\/et_pb_row][\/et_pb_section]<\/p>\n","protected":false},"excerpt":{"rendered":"<p>THANK YOU FOR YOUR MESSAGE, WE WILL ANSWER YOU AS SOON AS POSSIBLE CONTACT SEMEUR D&#8217;\u00c9TOILES 21 avenue du G\u00e9n\u00e9ral Leclerc &#8211; 78220 Viroflay &#8211; France CONTACT US: T : +33 (0)1 77 78 77 78 e : info(@)semeurdetoiles.fr VISIT US: Monday to Saturday, by appointment ACCESS: Direct au choix par : RER C ou [&hellip;]<\/p>\n","protected":false},"author":1,"featured_media":0,"parent":0,"menu_order":0,"comment_status":"closed","ping_status":"closed","template":"","meta":{"_acf_changed":false,"_et_pb_use_builder":"on","_et_pb_old_content":"","_et_gb_content_width":"","_exactmetrics_skip_tracking":false,"_exactmetrics_sitenote_active":false,"_exactmetrics_sitenote_note":"","_exactmetrics_sitenote_category":0,"footnotes":""},"class_list":["post-1468","page","type-page","status-publish","hentry"],"acf":[],"yoast_head":"<!-- This site is optimized with the Yoast SEO plugin v25.4 - https:\/\/yoast.com\/wordpress\/plugins\/seo\/ -->\n<title>Contactthx - Semeur d&#039;Etoiles - Cr\u00e9ation lumineuses - Paris<\/title>\n<meta name=\"robots\" content=\"index, nofollow, max-snippet:-1, max-image-preview:large, max-video-preview:-1\" \/>\n<link rel=\"canonical\" href=\"https:\/\/www.semeurdetoiles.fr\/en\/contactthx\/\" \/>\n<meta property=\"og:locale\" content=\"en_US\" \/>\n<meta property=\"og:type\" content=\"article\" \/>\n<meta property=\"og:title\" content=\"Contactthx - Semeur d&#039;Etoiles - Cr\u00e9ation lumineuses - Paris\" \/>\n<meta property=\"og:description\" content=\"THANK YOU FOR YOUR MESSAGE, WE WILL ANSWER YOU AS SOON AS POSSIBLE CONTACT SEMEUR D&#039;\u00c9TOILES 21 avenue du G\u00e9n\u00e9ral Leclerc - 78220 Viroflay - France CONTACT US: T : +33 (0)1 77 78 77 78 e : info(@)semeurdetoiles.fr VISIT US: Monday to Saturday, by appointment ACCESS: Direct au choix par : RER C ou [&hellip;]\" \/>\n<meta property=\"og:site_name\" content=\"Semeur d&#039;Etoiles - Cr\u00e9ation lumineuses - Paris\" \/>\n<meta property=\"article:modified_time\" content=\"2023-04-25T17:41:26+00:00\" \/>\n<meta name=\"twitter:card\" content=\"summary_large_image\" \/>\n<meta name=\"twitter:label1\" content=\"Est. reading time\" \/>\n\t<meta name=\"twitter:data1\" content=\"1 minute\" \/>\n<script type=\"application\/ld+json\" class=\"yoast-schema-graph\">{\"@context\":\"https:\/\/schema.org\",\"@graph\":[{\"@type\":\"WebPage\",\"@id\":\"https:\/\/www.semeurdetoiles.fr\/en\/contactthx\/\",\"url\":\"https:\/\/www.semeurdetoiles.fr\/en\/contactthx\/\",\"name\":\"Contactthx - Semeur d&#039;Etoiles - Cr\u00e9ation lumineuses - Paris\",\"isPartOf\":{\"@id\":\"https:\/\/www.semeurdetoiles.fr\/en\/#website\"},\"datePublished\":\"2018-04-11T13:44:01+00:00\",\"dateModified\":\"2023-04-25T17:41:26+00:00\",\"breadcrumb\":{\"@id\":\"https:\/\/www.semeurdetoiles.fr\/en\/contactthx\/#breadcrumb\"},\"inLanguage\":\"en-US\",\"potentialAction\":[{\"@type\":\"ReadAction\",\"target\":[\"https:\/\/www.semeurdetoiles.fr\/en\/contactthx\/\"]}]},{\"@type\":\"BreadcrumbList\",\"@id\":\"https:\/\/www.semeurdetoiles.fr\/en\/contactthx\/#breadcrumb\",\"itemListElement\":[{\"@type\":\"ListItem\",\"position\":1,\"name\":\"Accueil\",\"item\":\"https:\/\/www.semeurdetoiles.fr\/en\/\"},{\"@type\":\"ListItem\",\"position\":2,\"name\":\"Contactthx\"}]},{\"@type\":\"WebSite\",\"@id\":\"https:\/\/www.semeurdetoiles.fr\/en\/#website\",\"url\":\"https:\/\/www.semeurdetoiles.fr\/en\/\",\"name\":\"Semeur d&#039;Etoiles - Cr\u00e9ation lumineuses - Paris\",\"description\":\"Semeur d&#039;Etoiles - Cr\u00e9ation lumineuses - Paris\",\"publisher\":{\"@id\":\"https:\/\/www.semeurdetoiles.fr\/en\/#organization\"},\"potentialAction\":[{\"@type\":\"SearchAction\",\"target\":{\"@type\":\"EntryPoint\",\"urlTemplate\":\"https:\/\/www.semeurdetoiles.fr\/en\/?s={search_term_string}\"},\"query-input\":{\"@type\":\"PropertyValueSpecification\",\"valueRequired\":true,\"valueName\":\"search_term_string\"}}],\"inLanguage\":\"en-US\"},{\"@type\":\"Organization\",\"@id\":\"https:\/\/www.semeurdetoiles.fr\/en\/#organization\",\"name\":\"Semeur d'\u00c9toiles\",\"url\":\"https:\/\/www.semeurdetoiles.fr\/en\/\",\"logo\":{\"@type\":\"ImageObject\",\"inLanguage\":\"en-US\",\"@id\":\"https:\/\/www.semeurdetoiles.fr\/en\/#\/schema\/logo\/image\/\",\"url\":\"https:\/\/www.semeurdetoiles.fr\/wp-content\/uploads\/2018\/04\/logo.png\",\"contentUrl\":\"https:\/\/www.semeurdetoiles.fr\/wp-content\/uploads\/2018\/04\/logo.png\",\"width\":\"400\",\"height\":\"82\",\"caption\":\"Semeur d'\u00c9toiles\"},\"image\":{\"@id\":\"https:\/\/www.semeurdetoiles.fr\/en\/#\/schema\/logo\/image\/\"},\"sameAs\":[\"https:\/\/www.instagram.com\/semeurdetoiles\/\",\"https:\/\/www.linkedin.com\/in\/ludovic-cl\u00e9ment-d-armont-076b3352\/\"]}]}<\/script>\n<!-- \/ Yoast SEO plugin. -->","yoast_head_json":{"title":"Contactthx - Semeur d&#039;Etoiles - Cr\u00e9ation lumineuses - Paris","robots":{"index":"index","follow":"nofollow","max-snippet":"max-snippet:-1","max-image-preview":"max-image-preview:large","max-video-preview":"max-video-preview:-1"},"canonical":"https:\/\/www.semeurdetoiles.fr\/en\/contactthx\/","og_locale":"en_US","og_type":"article","og_title":"Contactthx - Semeur d&#039;Etoiles - Cr\u00e9ation lumineuses - Paris","og_description":"THANK YOU FOR YOUR MESSAGE, WE WILL ANSWER YOU AS SOON AS POSSIBLE CONTACT SEMEUR D'\u00c9TOILES 21 avenue du G\u00e9n\u00e9ral Leclerc - 78220 Viroflay - France CONTACT US: T : +33 (0)1 77 78 77 78 e : info(@)semeurdetoiles.fr VISIT US: Monday to Saturday, by appointment ACCESS: Direct au choix par : RER C ou [&hellip;]","og_site_name":"Semeur d&#039;Etoiles - Cr\u00e9ation lumineuses - Paris","article_modified_time":"2023-04-25T17:41:26+00:00","twitter_card":"summary_large_image","twitter_misc":{"Est. reading time":"1 minute"},"schema":{"@context":"https:\/\/schema.org","@graph":[{"@type":"WebPage","@id":"https:\/\/www.semeurdetoiles.fr\/en\/contactthx\/","url":"https:\/\/www.semeurdetoiles.fr\/en\/contactthx\/","name":"Contactthx - Semeur d&#039;Etoiles - Cr\u00e9ation lumineuses - Paris","isPartOf":{"@id":"https:\/\/www.semeurdetoiles.fr\/en\/#website"},"datePublished":"2018-04-11T13:44:01+00:00","dateModified":"2023-04-25T17:41:26+00:00","breadcrumb":{"@id":"https:\/\/www.semeurdetoiles.fr\/en\/contactthx\/#breadcrumb"},"inLanguage":"en-US","potentialAction":[{"@type":"ReadAction","target":["https:\/\/www.semeurdetoiles.fr\/en\/contactthx\/"]}]},{"@type":"BreadcrumbList","@id":"https:\/\/www.semeurdetoiles.fr\/en\/contactthx\/#breadcrumb","itemListElement":[{"@type":"ListItem","position":1,"name":"Accueil","item":"https:\/\/www.semeurdetoiles.fr\/en\/"},{"@type":"ListItem","position":2,"name":"Contactthx"}]},{"@type":"WebSite","@id":"https:\/\/www.semeurdetoiles.fr\/en\/#website","url":"https:\/\/www.semeurdetoiles.fr\/en\/","name":"Semeur d&#039;Etoiles - Cr\u00e9ation lumineuses - Paris","description":"Semeur d&#039;Etoiles - Cr\u00e9ation lumineuses - Paris","publisher":{"@id":"https:\/\/www.semeurdetoiles.fr\/en\/#organization"},"potentialAction":[{"@type":"SearchAction","target":{"@type":"EntryPoint","urlTemplate":"https:\/\/www.semeurdetoiles.fr\/en\/?s={search_term_string}"},"query-input":{"@type":"PropertyValueSpecification","valueRequired":true,"valueName":"search_term_string"}}],"inLanguage":"en-US"},{"@type":"Organization","@id":"https:\/\/www.semeurdetoiles.fr\/en\/#organization","name":"Semeur d'\u00c9toiles","url":"https:\/\/www.semeurdetoiles.fr\/en\/","logo":{"@type":"ImageObject","inLanguage":"en-US","@id":"https:\/\/www.semeurdetoiles.fr\/en\/#\/schema\/logo\/image\/","url":"https:\/\/www.semeurdetoiles.fr\/wp-content\/uploads\/2018\/04\/logo.png","contentUrl":"https:\/\/www.semeurdetoiles.fr\/wp-content\/uploads\/2018\/04\/logo.png","width":"400","height":"82","caption":"Semeur d'\u00c9toiles"},"image":{"@id":"https:\/\/www.semeurdetoiles.fr\/en\/#\/schema\/logo\/image\/"},"sameAs":["https:\/\/www.instagram.com\/semeurdetoiles\/","https:\/\/www.linkedin.com\/in\/ludovic-cl\u00e9ment-d-armont-076b3352\/"]}]}},"_links":{"self":[{"href":"https:\/\/www.semeurdetoiles.fr\/en\/wp-json\/wp\/v2\/pages\/1468","targetHints":{"allow":["GET"]}}],"collection":[{"href":"https:\/\/www.semeurdetoiles.fr\/en\/wp-json\/wp\/v2\/pages"}],"about":[{"href":"https:\/\/www.semeurdetoiles.fr\/en\/wp-json\/wp\/v2\/types\/page"}],"author":[{"embeddable":true,"href":"https:\/\/www.semeurdetoiles.fr\/en\/wp-json\/wp\/v2\/users\/1"}],"replies":[{"embeddable":true,"href":"https:\/\/www.semeurdetoiles.fr\/en\/wp-json\/wp\/v2\/comments?post=1468"}],"version-history":[{"count":1,"href":"https:\/\/www.semeurdetoiles.fr\/en\/wp-json\/wp\/v2\/pages\/1468\/revisions"}],"predecessor-version":[{"id":6950,"href":"https:\/\/www.semeurdetoiles.fr\/en\/wp-json\/wp\/v2\/pages\/1468\/revisions\/6950"}],"wp:attachment":[{"href":"https:\/\/www.semeurdetoiles.fr\/en\/wp-json\/wp\/v2\/media?parent=1468"}],"curies":[{"name":"wp","href":"https:\/\/api.w.org\/{rel}","templated":true}]}}