{"id":1462,"date":"2018-04-11T14:49:18","date_gmt":"2018-04-11T12:49:18","guid":{"rendered":"https:\/\/www.semeurdetoiles.fr\/contact\/"},"modified":"2026-01-15T21:26:32","modified_gmt":"2026-01-15T20:26:32","slug":"contact","status":"publish","type":"page","link":"https:\/\/www.semeurdetoiles.fr\/en\/contact\/","title":{"rendered":"Contact"},"content":{"rendered":"<p>[et_pb_section fb_built=&#8221;1&#8243; module_id=&#8221;sectionContact&#8221; _builder_version=&#8221;4.16&#8243; background_color=&#8221;#000000&#8243; da_disable_devices=&#8221;off|off|off&#8221; global_colors_info=&#8221;{}&#8221; da_is_popup=&#8221;off&#8221; da_exit_intent=&#8221;off&#8221; da_has_close=&#8221;on&#8221; da_alt_close=&#8221;off&#8221; da_dark_close=&#8221;off&#8221; da_not_modal=&#8221;on&#8221; da_is_singular=&#8221;off&#8221; da_with_loader=&#8221;off&#8221; da_has_shadow=&#8221;on&#8221;][et_pb_row column_structure=&#8221;1_2,1_2&#8243; use_custom_gutter=&#8221;on&#8221; gutter_width=&#8221;4&#8243; make_equal=&#8221;on&#8221; _builder_version=&#8221;4.16&#8243; max_width=&#8221;80%&#8221; use_custom_width=&#8221;on&#8221; width_unit=&#8221;off&#8221; global_colors_info=&#8221;{}&#8221;][et_pb_column type=&#8221;1_2&#8243; _builder_version=&#8221;4.16&#8243; background_image=&#8221;https:\/\/www.semeurdetoiles.fr\/wp-content\/uploads\/2018\/04\/etoiles.png&#8221; custom_padding=&#8221;|||&#8221; global_colors_info=&#8221;{}&#8221; custom_padding__hover=&#8221;|||&#8221;][et_pb_contact_form use_spam_service=&#8221;on&#8221; recaptcha_list=&#8221;wwwsemeurdetoilesfr|wwwsemeurdetoilesfr-0&#8243; email=&#8221;info@semeurdetoiles.fr&#8221; use_redirect=&#8221;on&#8221; redirect_url=&#8221;\/en\/contactthx&#8221; submit_button_text=&#8221;SEND&#8221; _builder_version=&#8221;4.20.4&#8243; _module_preset=&#8221;default&#8221; _unique_id=&#8221;d9096d6e-01d3-4200-82d0-05297cf9f990&#8243; form_field_background_color=&#8221;RGBA(0,0,0,0)&#8221; form_field_text_color=&#8221;rgba(255,255,255,0.65)&#8221; form_field_focus_background_color=&#8221;RGBA(0,0,0,0)&#8221; form_field_focus_text_color=&#8221;#FFFFFF&#8221; form_field_custom_padding=&#8221;10px||5px||false|false&#8221; custom_button=&#8221;on&#8221; button_text_size=&#8221;15px&#8221; button_text_color=&#8221;#000000&#8243; button_bg_color=&#8221;#FFFFFF&#8221; button_border_width=&#8221;0px&#8221; button_border_radius=&#8221;0px&#8221; button_font=&#8221;|600||on|||||&#8221; button_use_icon=&#8221;off&#8221; button_custom_margin=&#8221;0px||0px||true|false&#8221; button_custom_padding=&#8221;7px|40px|7px|40px|true|true&#8221; border_width_bottom=&#8221;1px&#8221; global_colors_info=&#8221;{}&#8221;][et_pb_contact_field field_id=&#8221;company&#8221; field_title=&#8221;Company&#8221; required_mark=&#8221;off&#8221; fullwidth_field=&#8221;on&#8221; _builder_version=&#8221;4.16&#8243; global_colors_info=&#8221;{}&#8221; button_text_size__hover_enabled=&#8221;off&#8221; button_one_text_size__hover_enabled=&#8221;off&#8221; button_two_text_size__hover_enabled=&#8221;off&#8221; button_text_color__hover_enabled=&#8221;off&#8221; button_one_text_color__hover_enabled=&#8221;off&#8221; button_two_text_color__hover_enabled=&#8221;off&#8221; button_border_width__hover_enabled=&#8221;off&#8221; button_one_border_width__hover_enabled=&#8221;off&#8221; button_two_border_width__hover_enabled=&#8221;off&#8221; button_border_color__hover_enabled=&#8221;off&#8221; button_one_border_color__hover_enabled=&#8221;off&#8221; button_two_border_color__hover_enabled=&#8221;off&#8221; button_border_radius__hover_enabled=&#8221;off&#8221; button_one_border_radius__hover_enabled=&#8221;off&#8221; button_two_border_radius__hover_enabled=&#8221;off&#8221; button_letter_spacing__hover_enabled=&#8221;off&#8221; button_one_letter_spacing__hover_enabled=&#8221;off&#8221; button_two_letter_spacing__hover_enabled=&#8221;off&#8221; button_bg_color__hover_enabled=&#8221;off&#8221; button_one_bg_color__hover_enabled=&#8221;off&#8221; button_two_bg_color__hover_enabled=&#8221;off&#8221;][\/et_pb_contact_field][et_pb_contact_field field_id=&#8221;firstname&#8221; field_title=&#8221;Firstname&#8221; _builder_version=&#8221;4.16&#8243; _module_preset=&#8221;default&#8221; global_colors_info=&#8221;{}&#8221;][\/et_pb_contact_field][et_pb_contact_field field_id=&#8221;name&#8221; field_title=&#8221;Name&#8221; _builder_version=&#8221;4.16&#8243; _module_preset=&#8221;default&#8221; global_colors_info=&#8221;{}&#8221;][\/et_pb_contact_field][et_pb_contact_field field_id=&#8221;adress&#8221; field_title=&#8221;Address&#8221; fullwidth_field=&#8221;on&#8221; _builder_version=&#8221;4.16&#8243; global_colors_info=&#8221;{}&#8221; button_text_size__hover_enabled=&#8221;off&#8221; button_one_text_size__hover_enabled=&#8221;off&#8221; button_two_text_size__hover_enabled=&#8221;off&#8221; button_text_color__hover_enabled=&#8221;off&#8221; button_one_text_color__hover_enabled=&#8221;off&#8221; button_two_text_color__hover_enabled=&#8221;off&#8221; button_border_width__hover_enabled=&#8221;off&#8221; button_one_border_width__hover_enabled=&#8221;off&#8221; button_two_border_width__hover_enabled=&#8221;off&#8221; button_border_color__hover_enabled=&#8221;off&#8221; button_one_border_color__hover_enabled=&#8221;off&#8221; button_two_border_color__hover_enabled=&#8221;off&#8221; button_border_radius__hover_enabled=&#8221;off&#8221; button_one_border_radius__hover_enabled=&#8221;off&#8221; button_two_border_radius__hover_enabled=&#8221;off&#8221; button_letter_spacing__hover_enabled=&#8221;off&#8221; button_one_letter_spacing__hover_enabled=&#8221;off&#8221; button_two_letter_spacing__hover_enabled=&#8221;off&#8221; button_bg_color__hover_enabled=&#8221;off&#8221; button_one_bg_color__hover_enabled=&#8221;off&#8221; button_two_bg_color__hover_enabled=&#8221;off&#8221;][\/et_pb_contact_field][et_pb_contact_field field_id=&#8221;zip&#8221; field_title=&#8221;Postal code&#8221; _builder_version=&#8221;4.16&#8243; _module_preset=&#8221;default&#8221; global_colors_info=&#8221;{}&#8221;][\/et_pb_contact_field][et_pb_contact_field field_id=&#8221;city&#8221; field_title=&#8221;City&#8221; _builder_version=&#8221;4.16&#8243; _module_preset=&#8221;default&#8221; global_colors_info=&#8221;{}&#8221;][\/et_pb_contact_field][et_pb_contact_field field_id=&#8221;country&#8221; field_title=&#8221;Country&#8221; _builder_version=&#8221;4.16&#8243; _module_preset=&#8221;default&#8221; global_colors_info=&#8221;{}&#8221;][\/et_pb_contact_field][et_pb_contact_field field_id=&#8221;phone&#8221; field_title=&#8221;Phone&#8221; _builder_version=&#8221;4.16&#8243; _module_preset=&#8221;default&#8221; global_colors_info=&#8221;{}&#8221;][\/et_pb_contact_field][et_pb_contact_field field_id=&#8221;Email&#8221; field_title=&#8221;Email&#8221; field_type=&#8221;email&#8221; fullwidth_field=&#8221;on&#8221; _builder_version=&#8221;4.16&#8243; global_colors_info=&#8221;{}&#8221; button_text_size__hover_enabled=&#8221;off&#8221; button_one_text_size__hover_enabled=&#8221;off&#8221; button_two_text_size__hover_enabled=&#8221;off&#8221; button_text_color__hover_enabled=&#8221;off&#8221; button_one_text_color__hover_enabled=&#8221;off&#8221; button_two_text_color__hover_enabled=&#8221;off&#8221; button_border_width__hover_enabled=&#8221;off&#8221; button_one_border_width__hover_enabled=&#8221;off&#8221; button_two_border_width__hover_enabled=&#8221;off&#8221; button_border_color__hover_enabled=&#8221;off&#8221; button_one_border_color__hover_enabled=&#8221;off&#8221; button_two_border_color__hover_enabled=&#8221;off&#8221; button_border_radius__hover_enabled=&#8221;off&#8221; button_one_border_radius__hover_enabled=&#8221;off&#8221; button_two_border_radius__hover_enabled=&#8221;off&#8221; button_letter_spacing__hover_enabled=&#8221;off&#8221; button_one_letter_spacing__hover_enabled=&#8221;off&#8221; button_two_letter_spacing__hover_enabled=&#8221;off&#8221; button_bg_color__hover_enabled=&#8221;off&#8221; button_one_bg_color__hover_enabled=&#8221;off&#8221; button_two_bg_color__hover_enabled=&#8221;off&#8221;][\/et_pb_contact_field][et_pb_contact_field field_id=&#8221;activity&#8221; field_title=&#8221;Your activity&#8221; required_mark=&#8221;off&#8221; fullwidth_field=&#8221;on&#8221; _builder_version=&#8221;4.16&#8243; global_colors_info=&#8221;{}&#8221; button_text_size__hover_enabled=&#8221;off&#8221; button_one_text_size__hover_enabled=&#8221;off&#8221; button_two_text_size__hover_enabled=&#8221;off&#8221; button_text_color__hover_enabled=&#8221;off&#8221; button_one_text_color__hover_enabled=&#8221;off&#8221; button_two_text_color__hover_enabled=&#8221;off&#8221; button_border_width__hover_enabled=&#8221;off&#8221; button_one_border_width__hover_enabled=&#8221;off&#8221; button_two_border_width__hover_enabled=&#8221;off&#8221; button_border_color__hover_enabled=&#8221;off&#8221; button_one_border_color__hover_enabled=&#8221;off&#8221; button_two_border_color__hover_enabled=&#8221;off&#8221; button_border_radius__hover_enabled=&#8221;off&#8221; button_one_border_radius__hover_enabled=&#8221;off&#8221; button_two_border_radius__hover_enabled=&#8221;off&#8221; button_letter_spacing__hover_enabled=&#8221;off&#8221; button_one_letter_spacing__hover_enabled=&#8221;off&#8221; button_two_letter_spacing__hover_enabled=&#8221;off&#8221; button_bg_color__hover_enabled=&#8221;off&#8221; button_one_bg_color__hover_enabled=&#8221;off&#8221; button_two_bg_color__hover_enabled=&#8221;off&#8221;][\/et_pb_contact_field][et_pb_contact_field field_id=&#8221;Message&#8221; field_title=&#8221;Your projects &#8211; Please indicate if you need HD photos, videos, etc.&#8221; field_type=&#8221;text&#8221; required_mark=&#8221;off&#8221; fullwidth_field=&#8221;on&#8221; _builder_version=&#8221;4.16&#8243; global_colors_info=&#8221;{}&#8221; button_text_size__hover_enabled=&#8221;off&#8221; button_one_text_size__hover_enabled=&#8221;off&#8221; button_two_text_size__hover_enabled=&#8221;off&#8221; button_text_color__hover_enabled=&#8221;off&#8221; button_one_text_color__hover_enabled=&#8221;off&#8221; button_two_text_color__hover_enabled=&#8221;off&#8221; button_border_width__hover_enabled=&#8221;off&#8221; button_one_border_width__hover_enabled=&#8221;off&#8221; button_two_border_width__hover_enabled=&#8221;off&#8221; button_border_color__hover_enabled=&#8221;off&#8221; button_one_border_color__hover_enabled=&#8221;off&#8221; button_two_border_color__hover_enabled=&#8221;off&#8221; button_border_radius__hover_enabled=&#8221;off&#8221; button_one_border_radius__hover_enabled=&#8221;off&#8221; button_two_border_radius__hover_enabled=&#8221;off&#8221; button_letter_spacing__hover_enabled=&#8221;off&#8221; button_one_letter_spacing__hover_enabled=&#8221;off&#8221; button_two_letter_spacing__hover_enabled=&#8221;off&#8221; button_bg_color__hover_enabled=&#8221;off&#8221; button_one_bg_color__hover_enabled=&#8221;off&#8221; button_two_bg_color__hover_enabled=&#8221;off&#8221;][\/et_pb_contact_field][et_pb_contact_field field_id=&#8221;Field_12&#8243; field_type=&#8221;checkbox&#8221; checkbox_options=&#8221;%91{%22value%22:%22Please send  me your Newsletter!%22,%22checked%22:0,%22dragID%22:-1}%93&#8243; required_mark=&#8221;off&#8221; fullwidth_field=&#8221;on&#8221; _builder_version=&#8221;4.20.4&#8243; _module_preset=&#8221;default&#8221; global_colors_info=&#8221;{}&#8221;][\/et_pb_contact_field][\/et_pb_contact_form][\/et_pb_column][et_pb_column type=&#8221;1_2&#8243; _builder_version=&#8221;4.16&#8243; background_image=&#8221;https:\/\/www.semeurdetoiles.fr\/wp-content\/uploads\/2018\/04\/etoiles.png&#8221; custom_padding=&#8221;|||&#8221; global_colors_info=&#8221;{}&#8221; custom_padding__hover=&#8221;|||&#8221;][et_pb_text _builder_version=&#8221;4.20.4&#8243; text_text_color=&#8221;#FFFFFF&#8221; global_colors_info=&#8221;{}&#8221;]<\/p>\n<h2>CONTACT<\/h2>\n<p><strong>SEMEUR D&#8217;\u00c9TOILES<br \/>\n<\/strong>21 avenue du G\u00e9n\u00e9ral Leclerc &#8211; 78220 Viroflay &#8211; France<\/p>\n<p><strong>CONTACT US:<br \/>\n<\/strong>T : +1 (347) 778 0743<br \/>\ne : info(@)semeurdetoiles.com<\/p>\n<p><strong>VISIT US: <\/strong>Monday to Saturday, by appointment<\/p>\n<p><strong>ACCESS:<\/strong><br \/>\nPublic (direct): RER C or Transilien (N from Montparnasse station or L from St Lazare station)<br \/>\nor Tram T6 or Bus 171 or Phebus D, U or 23.<br \/>\nCar: A86, D10\/D910, N118<\/p>\n<p><strong>MAP: <\/strong><a href=\"https:\/\/www.google.fr\/maps\/place\/Semeur+d'%C3%A9toiles\/@48.8042718,2.1784406,15z\/data=!4m2!3m1!1s0x0:0xc0f54d8a3fe0bbeb\" target=\"_blank\" rel=\"noopener noreferrer\">Google map<\/a><\/p>\n<blockquote><p><em>\u00ab Stars are beautiful, because of a flower that cannot be seen\u2026 \u00bb<br \/>\n<\/em>The Little Prince \/ Antoine de Saint-Exup\u00e9ry<\/p><\/blockquote>\n<p>[\/et_pb_text][et_pb_text admin_label=&#8221;mentions&#8221; _builder_version=&#8221;4.20.4&#8243; text_text_color=&#8221;#dbdbdb&#8221; text_orientation=&#8221;right&#8221; background_layout=&#8221;dark&#8221; custom_margin=&#8221;0px|||&#8221; custom_padding=&#8221;0px|||&#8221; global_colors_info=&#8221;{}&#8221;]<a class=\"legale\" href=\"\/en\/legal-notice\/\">\u00a9Semeur d&#8217;\u00c9toiles &#8211; Legal Notice<\/a>[\/et_pb_text][et_pb_image _builder_version=&#8221;4.27.4&#8243; _module_preset=&#8221;default&#8221; title_text=&#8221;LOGO_RIDF_2019_WEB&#8221; src=&#8221;https:\/\/www.semeurdetoiles.fr\/wp-content\/uploads\/2026\/01\/LOGO_RIDF_2019_WEB.jpg&#8221; url=&#8221;https:\/\/www.iledefrance.fr\/&#8221; url_new_window=&#8221;on&#8221; align=&#8221;right&#8221; max_width=&#8221;250px&#8221; module_alignment=&#8221;right&#8221; hover_enabled=&#8221;0&#8243; sticky_enabled=&#8221;0&#8243;][\/et_pb_image][\/et_pb_column][\/et_pb_row][\/et_pb_section]<\/p>\n","protected":false},"excerpt":{"rendered":"<p>CONTACT SEMEUR D&#8217;\u00c9TOILES 21 avenue du G\u00e9n\u00e9ral Leclerc &#8211; 78220 Viroflay &#8211; France CONTACT US: T : +1 (347) 778 0743 e : info(@)semeurdetoiles.com VISIT US: Monday to Saturday, by appointment ACCESS: Public (direct): RER C or Transilien (N from Montparnasse station or L from St Lazare station) or Tram T6 or Bus 171 or [&hellip;]<\/p>\n","protected":false},"author":1,"featured_media":0,"parent":0,"menu_order":0,"comment_status":"closed","ping_status":"closed","template":"","meta":{"_acf_changed":false,"_et_pb_use_builder":"on","_et_pb_old_content":"","_et_gb_content_width":"","_exactmetrics_skip_tracking":false,"_exactmetrics_sitenote_active":false,"_exactmetrics_sitenote_note":"","_exactmetrics_sitenote_category":0,"footnotes":""},"class_list":["post-1462","page","type-page","status-publish","hentry"],"acf":[],"yoast_head":"<!-- This site is optimized with the Yoast SEO plugin v25.4 - https:\/\/yoast.com\/wordpress\/plugins\/seo\/ -->\n<title>Contact - Semeur d&#039;Etoiles - Cr\u00e9ation lumineuses - Paris<\/title>\n<meta name=\"robots\" content=\"index, follow, max-snippet:-1, max-image-preview:large, max-video-preview:-1\" \/>\n<link rel=\"canonical\" href=\"https:\/\/www.semeurdetoiles.fr\/en\/contact\/\" \/>\n<meta property=\"og:locale\" content=\"en_US\" \/>\n<meta property=\"og:type\" content=\"article\" \/>\n<meta property=\"og:title\" content=\"Contact - Semeur d&#039;Etoiles - Cr\u00e9ation lumineuses - Paris\" \/>\n<meta property=\"og:description\" content=\"CONTACT SEMEUR D&#039;\u00c9TOILES 21 avenue du G\u00e9n\u00e9ral Leclerc - 78220 Viroflay - France CONTACT US: T : +1 (347) 778 0743 e : info(@)semeurdetoiles.com VISIT US: Monday to Saturday, by appointment ACCESS: Public (direct): RER C or Transilien (N from Montparnasse station or L from St Lazare station) or Tram T6 or Bus 171 or [&hellip;]\" \/>\n<meta property=\"og:site_name\" content=\"Semeur d&#039;Etoiles - Cr\u00e9ation lumineuses - Paris\" \/>\n<meta property=\"article:modified_time\" content=\"2026-01-15T20:26:32+00:00\" \/>\n<meta name=\"twitter:card\" content=\"summary_large_image\" \/>\n<meta name=\"twitter:label1\" content=\"Est. reading time\" \/>\n\t<meta name=\"twitter:data1\" content=\"1 minute\" \/>\n<script type=\"application\/ld+json\" class=\"yoast-schema-graph\">{\"@context\":\"https:\/\/schema.org\",\"@graph\":[{\"@type\":\"WebPage\",\"@id\":\"https:\/\/www.semeurdetoiles.fr\/en\/contact\/\",\"url\":\"https:\/\/www.semeurdetoiles.fr\/en\/contact\/\",\"name\":\"Contact - Semeur d&#039;Etoiles - Cr\u00e9ation lumineuses - Paris\",\"isPartOf\":{\"@id\":\"https:\/\/www.semeurdetoiles.fr\/en\/#website\"},\"datePublished\":\"2018-04-11T12:49:18+00:00\",\"dateModified\":\"2026-01-15T20:26:32+00:00\",\"breadcrumb\":{\"@id\":\"https:\/\/www.semeurdetoiles.fr\/en\/contact\/#breadcrumb\"},\"inLanguage\":\"en-US\",\"potentialAction\":[{\"@type\":\"ReadAction\",\"target\":[\"https:\/\/www.semeurdetoiles.fr\/en\/contact\/\"]}]},{\"@type\":\"BreadcrumbList\",\"@id\":\"https:\/\/www.semeurdetoiles.fr\/en\/contact\/#breadcrumb\",\"itemListElement\":[{\"@type\":\"ListItem\",\"position\":1,\"name\":\"Accueil\",\"item\":\"https:\/\/www.semeurdetoiles.fr\/en\/\"},{\"@type\":\"ListItem\",\"position\":2,\"name\":\"Contact\"}]},{\"@type\":\"WebSite\",\"@id\":\"https:\/\/www.semeurdetoiles.fr\/en\/#website\",\"url\":\"https:\/\/www.semeurdetoiles.fr\/en\/\",\"name\":\"Semeur d&#039;Etoiles - Cr\u00e9ation lumineuses - Paris\",\"description\":\"Semeur d&#039;Etoiles - Cr\u00e9ation lumineuses - Paris\",\"publisher\":{\"@id\":\"https:\/\/www.semeurdetoiles.fr\/en\/#organization\"},\"potentialAction\":[{\"@type\":\"SearchAction\",\"target\":{\"@type\":\"EntryPoint\",\"urlTemplate\":\"https:\/\/www.semeurdetoiles.fr\/en\/?s={search_term_string}\"},\"query-input\":{\"@type\":\"PropertyValueSpecification\",\"valueRequired\":true,\"valueName\":\"search_term_string\"}}],\"inLanguage\":\"en-US\"},{\"@type\":\"Organization\",\"@id\":\"https:\/\/www.semeurdetoiles.fr\/en\/#organization\",\"name\":\"Semeur d'\u00c9toiles\",\"url\":\"https:\/\/www.semeurdetoiles.fr\/en\/\",\"logo\":{\"@type\":\"ImageObject\",\"inLanguage\":\"en-US\",\"@id\":\"https:\/\/www.semeurdetoiles.fr\/en\/#\/schema\/logo\/image\/\",\"url\":\"https:\/\/www.semeurdetoiles.fr\/wp-content\/uploads\/2018\/04\/logo.png\",\"contentUrl\":\"https:\/\/www.semeurdetoiles.fr\/wp-content\/uploads\/2018\/04\/logo.png\",\"width\":\"400\",\"height\":\"82\",\"caption\":\"Semeur d'\u00c9toiles\"},\"image\":{\"@id\":\"https:\/\/www.semeurdetoiles.fr\/en\/#\/schema\/logo\/image\/\"},\"sameAs\":[\"https:\/\/www.instagram.com\/semeurdetoiles\/\",\"https:\/\/www.linkedin.com\/in\/ludovic-cl\u00e9ment-d-armont-076b3352\/\"]}]}<\/script>\n<!-- \/ Yoast SEO plugin. -->","yoast_head_json":{"title":"Contact - Semeur d&#039;Etoiles - Cr\u00e9ation lumineuses - Paris","robots":{"index":"index","follow":"follow","max-snippet":"max-snippet:-1","max-image-preview":"max-image-preview:large","max-video-preview":"max-video-preview:-1"},"canonical":"https:\/\/www.semeurdetoiles.fr\/en\/contact\/","og_locale":"en_US","og_type":"article","og_title":"Contact - Semeur d&#039;Etoiles - Cr\u00e9ation lumineuses - Paris","og_description":"CONTACT SEMEUR D'\u00c9TOILES 21 avenue du G\u00e9n\u00e9ral Leclerc - 78220 Viroflay - France CONTACT US: T : +1 (347) 778 0743 e : info(@)semeurdetoiles.com VISIT US: Monday to Saturday, by appointment ACCESS: Public (direct): RER C or Transilien (N from Montparnasse station or L from St Lazare station) or Tram T6 or Bus 171 or [&hellip;]","og_site_name":"Semeur d&#039;Etoiles - Cr\u00e9ation lumineuses - Paris","article_modified_time":"2026-01-15T20:26:32+00:00","twitter_card":"summary_large_image","twitter_misc":{"Est. reading time":"1 minute"},"schema":{"@context":"https:\/\/schema.org","@graph":[{"@type":"WebPage","@id":"https:\/\/www.semeurdetoiles.fr\/en\/contact\/","url":"https:\/\/www.semeurdetoiles.fr\/en\/contact\/","name":"Contact - Semeur d&#039;Etoiles - Cr\u00e9ation lumineuses - Paris","isPartOf":{"@id":"https:\/\/www.semeurdetoiles.fr\/en\/#website"},"datePublished":"2018-04-11T12:49:18+00:00","dateModified":"2026-01-15T20:26:32+00:00","breadcrumb":{"@id":"https:\/\/www.semeurdetoiles.fr\/en\/contact\/#breadcrumb"},"inLanguage":"en-US","potentialAction":[{"@type":"ReadAction","target":["https:\/\/www.semeurdetoiles.fr\/en\/contact\/"]}]},{"@type":"BreadcrumbList","@id":"https:\/\/www.semeurdetoiles.fr\/en\/contact\/#breadcrumb","itemListElement":[{"@type":"ListItem","position":1,"name":"Accueil","item":"https:\/\/www.semeurdetoiles.fr\/en\/"},{"@type":"ListItem","position":2,"name":"Contact"}]},{"@type":"WebSite","@id":"https:\/\/www.semeurdetoiles.fr\/en\/#website","url":"https:\/\/www.semeurdetoiles.fr\/en\/","name":"Semeur d&#039;Etoiles - Cr\u00e9ation lumineuses - Paris","description":"Semeur d&#039;Etoiles - Cr\u00e9ation lumineuses - Paris","publisher":{"@id":"https:\/\/www.semeurdetoiles.fr\/en\/#organization"},"potentialAction":[{"@type":"SearchAction","target":{"@type":"EntryPoint","urlTemplate":"https:\/\/www.semeurdetoiles.fr\/en\/?s={search_term_string}"},"query-input":{"@type":"PropertyValueSpecification","valueRequired":true,"valueName":"search_term_string"}}],"inLanguage":"en-US"},{"@type":"Organization","@id":"https:\/\/www.semeurdetoiles.fr\/en\/#organization","name":"Semeur d'\u00c9toiles","url":"https:\/\/www.semeurdetoiles.fr\/en\/","logo":{"@type":"ImageObject","inLanguage":"en-US","@id":"https:\/\/www.semeurdetoiles.fr\/en\/#\/schema\/logo\/image\/","url":"https:\/\/www.semeurdetoiles.fr\/wp-content\/uploads\/2018\/04\/logo.png","contentUrl":"https:\/\/www.semeurdetoiles.fr\/wp-content\/uploads\/2018\/04\/logo.png","width":"400","height":"82","caption":"Semeur d'\u00c9toiles"},"image":{"@id":"https:\/\/www.semeurdetoiles.fr\/en\/#\/schema\/logo\/image\/"},"sameAs":["https:\/\/www.instagram.com\/semeurdetoiles\/","https:\/\/www.linkedin.com\/in\/ludovic-cl\u00e9ment-d-armont-076b3352\/"]}]}},"_links":{"self":[{"href":"https:\/\/www.semeurdetoiles.fr\/en\/wp-json\/wp\/v2\/pages\/1462","targetHints":{"allow":["GET"]}}],"collection":[{"href":"https:\/\/www.semeurdetoiles.fr\/en\/wp-json\/wp\/v2\/pages"}],"about":[{"href":"https:\/\/www.semeurdetoiles.fr\/en\/wp-json\/wp\/v2\/types\/page"}],"author":[{"embeddable":true,"href":"https:\/\/www.semeurdetoiles.fr\/en\/wp-json\/wp\/v2\/users\/1"}],"replies":[{"embeddable":true,"href":"https:\/\/www.semeurdetoiles.fr\/en\/wp-json\/wp\/v2\/comments?post=1462"}],"version-history":[{"count":15,"href":"https:\/\/www.semeurdetoiles.fr\/en\/wp-json\/wp\/v2\/pages\/1462\/revisions"}],"predecessor-version":[{"id":244668,"href":"https:\/\/www.semeurdetoiles.fr\/en\/wp-json\/wp\/v2\/pages\/1462\/revisions\/244668"}],"wp:attachment":[{"href":"https:\/\/www.semeurdetoiles.fr\/en\/wp-json\/wp\/v2\/media?parent=1462"}],"curies":[{"name":"wp","href":"https:\/\/api.w.org\/{rel}","templated":true}]}}